{"id":38,"date":"2020-03-11T20:01:48","date_gmt":"2020-03-11T19:01:48","guid":{"rendered":"https:\/\/rennertart.de\/?page_id=38"},"modified":"2020-03-12T13:00:53","modified_gmt":"2020-03-12T12:00:53","slug":"ueber-gicleedrucke","status":"publish","type":"page","link":"https:\/\/rennertart.de\/index.php\/ueber-gicleedrucke\/","title":{"rendered":"\u00dcber Gicl\u00e9edrucke"},"content":{"rendered":"\n<p>Gicl\u00e9e beschreibt eine Form hochaufl\u00f6sender digitaler Reproduktionstechnologie, die in Farb- und Detailtreue ihresgleichen sucht. Gicl\u00e9es finden deshalb oft in Galerien und Museen Verwendung, da sie dem Original in unerreicht hochwertiger Weise entsprechen.<br>Meine Gicl\u00e9es werden alle direkt von Scans meiner Gem\u00e4lde hergestellt und auf hochwertigem Aquarellpapier mit uv-resistenten Tinten gedruckt. Sie sind als limitierte Auflage durchnummeriert und handsigniert.<br><br>Gr\u00f6\u00dfenangaben verstehen sich als Breite mal H\u00f6he in cm.<br><br>Die Drucke werden in stabilen Kartonr\u00f6hren sachgerecht verpackt und weltweit per Kurier versandt. Da die Versandkosten variieren, erfragen Sie bitte den Preis Ihres gew\u00fcnschten Druckes vorab. Ich m\u00f6chte, da\u00df Sie an Ihrem Gicl\u00e9e-Druck Freude haben.<br><br>Falls Sie Grund zu irgendwelchen Beanstandungen haben, bitte ich Sie, den Druck in einwandfreiem Zustand in der Originalverpackung innerhalb von 7 Tagen an mich zur\u00fcckzusenden. Ich erstatte Ihnen dann den vollen Preis zur\u00fcck.<\/p>\n\n\n\n<p><\/p>\n","protected":false},"excerpt":{"rendered":"<p>Gicl\u00e9e beschreibt eine Form hochaufl\u00f6sender digitaler Reproduktionstechnologie, die in Farb- und Detailtreue ihresgleichen sucht. Gicl\u00e9es finden deshalb oft in Galerien und Museen Verwendung, da sie dem Original in unerreicht hochwertiger Weise entsprechen.Meine Gicl\u00e9es werden alle direkt von Scans meiner Gem\u00e4lde hergestellt und auf hochwertigem Aquarellpapier mit uv-resistenten Tinten gedruckt. Sie sind als limitierte Auflage durchnummeriert [&hellip;]<\/p>\n","protected":false},"author":1,"featured_media":0,"parent":0,"menu_order":0,"comment_status":"closed","ping_status":"closed","template":"","meta":{"ngg_post_thumbnail":0,"footnotes":""},"class_list":["post-38","page","type-page","status-publish","hentry"],"_links":{"self":[{"href":"https:\/\/rennertart.de\/index.php\/wp-json\/wp\/v2\/pages\/38","targetHints":{"allow":["GET"]}}],"collection":[{"href":"https:\/\/rennertart.de\/index.php\/wp-json\/wp\/v2\/pages"}],"about":[{"href":"https:\/\/rennertart.de\/index.php\/wp-json\/wp\/v2\/types\/page"}],"author":[{"embeddable":true,"href":"https:\/\/rennertart.de\/index.php\/wp-json\/wp\/v2\/users\/1"}],"replies":[{"embeddable":true,"href":"https:\/\/rennertart.de\/index.php\/wp-json\/wp\/v2\/comments?post=38"}],"version-history":[{"count":3,"href":"https:\/\/rennertart.de\/index.php\/wp-json\/wp\/v2\/pages\/38\/revisions"}],"predecessor-version":[{"id":245,"href":"https:\/\/rennertart.de\/index.php\/wp-json\/wp\/v2\/pages\/38\/revisions\/245"}],"wp:attachment":[{"href":"https:\/\/rennertart.de\/index.php\/wp-json\/wp\/v2\/media?parent=38"}],"curies":[{"name":"wp","href":"https:\/\/api.w.org\/{rel}","templated":true}]}}