{"id":5,"date":"2020-03-11T11:20:19","date_gmt":"2020-03-11T11:20:19","guid":{"rendered":"https:\/\/rennertart.de\/?page_id=5"},"modified":"2023-12-06T22:56:05","modified_gmt":"2023-12-06T21:56:05","slug":"the-new-umoma-opens-its-doors","status":"publish","type":"page","link":"https:\/\/rennertart.de\/","title":{"rendered":"Rennert opens his doors"},"content":{"rendered":"\n<figure class=\"wp-block-image alignfull size-large\"><img loading=\"lazy\" decoding=\"async\" width=\"1024\" height=\"305\" src=\"https:\/\/rennertart.de\/wp-content\/uploads\/2020\/06\/illaroobeach_plus_weiss_kopie-1024x305.jpg\" alt=\"\" class=\"wp-image-508\" srcset=\"https:\/\/rennertart.de\/wp-content\/uploads\/2020\/06\/illaroobeach_plus_weiss_kopie-1024x305.jpg 1024w, https:\/\/rennertart.de\/wp-content\/uploads\/2020\/06\/illaroobeach_plus_weiss_kopie-300x89.jpg 300w, https:\/\/rennertart.de\/wp-content\/uploads\/2020\/06\/illaroobeach_plus_weiss_kopie-768x229.jpg 768w, https:\/\/rennertart.de\/wp-content\/uploads\/2020\/06\/illaroobeach_plus_weiss_kopie-1536x457.jpg 1536w, https:\/\/rennertart.de\/wp-content\/uploads\/2020\/06\/illaroobeach_plus_weiss_kopie-2048x610.jpg 2048w, https:\/\/rennertart.de\/wp-content\/uploads\/2020\/06\/illaroobeach_plus_weiss_kopie-1200x357.jpg 1200w, https:\/\/rennertart.de\/wp-content\/uploads\/2020\/06\/illaroobeach_plus_weiss_kopie-1980x590.jpg 1980w\" sizes=\"auto, (max-width: 1024px) 100vw, 1024px\" \/><\/figure>\n\n\n\n<div class=\"wp-block-group is-layout-flow wp-block-group-is-layout-flow\">\n<div class=\"wp-block-columns is-layout-flex wp-container-core-columns-is-layout-28f84493 wp-block-columns-is-layout-flex\">\n<div class=\"wp-block-column is-layout-flow wp-block-column-is-layout-flow\">\n<div class=\"wp-block-group is-layout-flow wp-block-group-is-layout-flow\">\n<div class=\"wp-block-group is-layout-flow wp-block-group-is-layout-flow\">\n<div class=\"wp-block-columns has-cyan-bluish-gray-color has-text-color has-link-color wp-elements-8377a095bde87a43493778ed57a0290d is-layout-flex wp-container-core-columns-is-layout-28f84493 wp-block-columns-is-layout-flex\">\n<div class=\"wp-block-column is-layout-flow wp-block-column-is-layout-flow\" style=\"flex-basis:100%\">\n<p class=\"has-primary-color has-black-background-color has-text-color has-background has-link-color wp-elements-8a90e3329ecdb73844830b7263956032\"><span style=\"color: #ccffff;\"><strong>Willkommen !<\/strong><br>Wie sch\u00f6n, dass Sie meine Homepage besuchen.<br>Hier k\u00f6nnen Sie einen kleinen Eindruck<br>von meinen Arbeiten gewinnen.<br>Nat\u00fcrlich gibt es auch Informationen zu meinen Bildern, Gicl\u00e9e-Drucken und Links zu anderen interessanten Seiten.<br>Falls Sie Interesse an einem Druck haben, bitte ich Sie, sich mit mir in Verbindung zu setzen.<br>Viel Spa\u00df beim Schnuppern &#8230; <span style=\"color: #00ff00;\"><strong><a style=\"color: #00ff00;\" href=\"https:\/\/rennertart.de\/index.php\/aktuelles\/\">.<span style=\"color: #ccffff;\">..im Aktuellen<\/span><\/a><span style=\"color: #ccffff;\"> !<\/span><\/strong><\/span><\/span><\/p>\n<\/div>\n<\/div>\n<\/div>\n<\/div>\n<\/div>\n<\/div>\n<\/div>\n\n\n\n<div class=\"wp-block-columns is-layout-flex wp-container-core-columns-is-layout-28f84493 wp-block-columns-is-layout-flex\">\n<div class=\"wp-block-column is-layout-flow wp-block-column-is-layout-flow\">\n<h5 class=\"wp-block-heading has-text-color has-cyan-bluish-gray-color has-link-color wp-elements-7816e9a5a49cacb60993d41cbcc77d7e\">Bilder<\/h5>\n\n\n\n<\/p>\nngg_shortcode_0_placeholder\n<p><br>\n<\/div>\n<\/div>\n\n\n\n<div class=\"wp-block-group alignwide has-secondary-color has-text-color is-layout-flow wp-block-group-is-layout-flow\">\n<div class=\"wp-block-group\">\n<div class=\"wp-block-group__inner-container\">\n<h4 class=\"has-primary-color has-text-color has-text-align-center\"><a href=\"https:\/\/rennertart.de\/index.php\/uber-mich\/\">\u00dcber mich<\/a><\/h4>\n<p class=\"has-text-align-center\">Oliver Rennert, geborener Beobachter, Maler und Zeichner, lebt in K\u00f6ln und Berlin als Sprachenimitator, verbringt sein Leben als Teilzeitherrgott in Frankreich<\/p>\n<div class=\"wp-block-button aligncenter\"><a class=\"wp-block-button__link has-text-color has-secondary-color has-background has-subtle-background-background-color\" href=\"https:\/\/\">Auftragsarbeiten<\/a><\/div>\n<\/div>\n<div>\nngg_shortcode_1_placeholder\n<\/div>\n<\/div>\n<p>\n<\/div>\n\n\n<figure class=\"wp-block-gallery aligncenter columns-2 is-cropped\"><\/figure>\n<p>&nbsp;<\/p>\n\n\n<p><\/p>\n\n\n\n\n","protected":false},"excerpt":{"rendered":"<p>Willkommen !Wie sch\u00f6n, dass Sie meine Homepage besuchen.Hier k\u00f6nnen Sie einen kleinen Eindruckvon meinen Arbeiten gewinnen.Nat\u00fcrlich gibt es auch Informationen zu meinen Bildern, Gicl\u00e9e-Drucken und Links zu anderen interessanten Seiten.Falls Sie Interesse an einem Druck haben, bitte ich Sie, sich mit mir in Verbindung zu setzen.Viel Spa\u00df beim Schnuppern &#8230; &#8230;im Aktuellen ! Bilder \u00dcber [&hellip;]<\/p>\n","protected":false},"author":1,"featured_media":0,"parent":0,"menu_order":0,"comment_status":"closed","ping_status":"closed","template":"","meta":{"ngg_post_thumbnail":0,"footnotes":""},"class_list":["post-5","page","type-page","status-publish","hentry"],"_links":{"self":[{"href":"https:\/\/rennertart.de\/index.php\/wp-json\/wp\/v2\/pages\/5","targetHints":{"allow":["GET"]}}],"collection":[{"href":"https:\/\/rennertart.de\/index.php\/wp-json\/wp\/v2\/pages"}],"about":[{"href":"https:\/\/rennertart.de\/index.php\/wp-json\/wp\/v2\/types\/page"}],"author":[{"embeddable":true,"href":"https:\/\/rennertart.de\/index.php\/wp-json\/wp\/v2\/users\/1"}],"replies":[{"embeddable":true,"href":"https:\/\/rennertart.de\/index.php\/wp-json\/wp\/v2\/comments?post=5"}],"version-history":[{"count":50,"href":"https:\/\/rennertart.de\/index.php\/wp-json\/wp\/v2\/pages\/5\/revisions"}],"predecessor-version":[{"id":1083,"href":"https:\/\/rennertart.de\/index.php\/wp-json\/wp\/v2\/pages\/5\/revisions\/1083"}],"wp:attachment":[{"href":"https:\/\/rennertart.de\/index.php\/wp-json\/wp\/v2\/media?parent=5"}],"curies":[{"name":"wp","href":"https:\/\/api.w.org\/{rel}","templated":true}]}}