{"id":6,"date":"2020-03-11T11:20:19","date_gmt":"2020-03-11T11:20:19","guid":{"rendered":"https:\/\/rennertart.de\/?page_id=6"},"modified":"2023-12-05T21:15:37","modified_gmt":"2023-12-05T20:15:37","slug":"uber-mich","status":"publish","type":"page","link":"https:\/\/rennertart.de\/index.php\/uber-mich\/","title":{"rendered":"\u00dcber mich"},"content":{"rendered":"\n<figure class=\"wp-block-image size-large is-resized\"><img loading=\"lazy\" decoding=\"async\" width=\"591\" height=\"875\" src=\"https:\/\/rennertart.de\/wp-content\/uploads\/2020\/03\/oliver.jpg\" alt=\"\" class=\"wp-image-174\" style=\"width:205px;height:303px\" title=\"\" srcset=\"https:\/\/rennertart.de\/wp-content\/uploads\/2020\/03\/oliver.jpg 591w, https:\/\/rennertart.de\/wp-content\/uploads\/2020\/03\/oliver-203x300.jpg 203w\" sizes=\"auto, (max-width: 591px) 100vw, 591px\" \/><\/figure>\n\n\n\n<h2 class=\"wp-block-heading has-cyan-bluish-gray-color has-text-color has-large-font-size\"><strong>Curriculum vitae<\/strong><\/h2>\n\n\n\n<p style=\"line-height:1.3\"><strong>Oliver Rennert<\/strong> wurde 1957 in Stuttgart geboren und wuchs in M\u00fcnchen auf. Recht fr\u00fch begann er, zun\u00e4chst zu zeichnen und sp\u00e4ter zu malen. Er liebte au\u00dferdem jegliche Art des Modellbaus, besonders wenn es um Flugzeuge und Raumfahrt ging. Mit 13 Jahren gewann er bei einem von der Raiffeisenbank ausgeschriebenen Wettbewerb mit seinem illustrierten Aufsatz \u201eWas will der Mensch im Weltraum\u201c eine zweiw\u00f6chige Reise in die USA und besuchte unter anderem New York, Cape Canaveral und die Zentren der NASA. Ein Kindheitstraum erf\u00fcllte sich und seine Leidenschaft f\u00fcr die englische Sprache und das Reisen wurden geweckt.<\/p>\n\n\n\n<p style=\"line-height:1.3\">Rennert besuchte die <em>International School<\/em> in M\u00fcnchen und nach dem Abitur zog es ihn wieder in die USA: diesmal sollte er sechs Monate mit einem Freund den Kontinent von der Ost- zur Westk\u00fcste per Fahrrad durchqueren. Ohne Zweifel war dies eine aufregende, lehrreiche und erlebnisreiche Zeit.<\/p>\n\n\n\n<p style=\"line-height:1.3\">Nach dem Wehrdienst zog Rennert nach London, wo er 1987 ein Malerei-, Design-, und Industriegeschichtsstudium am <em>Middlesex Polytechnic<\/em> abschloss.&nbsp; Dies beinhaltete einen halbj\u00e4hrigen Studienaufenthalt an der <em>Radford University<\/em> in Radford, Virginia, in den USA.<br><br>Um diese Zeit begannen auch kleinere Illustrationsauftr\u00e4ge und Teilnahmen an Wettbewerben und Ausstellungen. So waren seine ersten \u00f6ffentlich zu bewundernden Kunstwerke zwei gro\u00dfe Pub-Schilder, mit denen er beim \u201eWem Ales Paint-A-Pub Sign Competition\u201c 1982 den zweiten Preis gewann. F\u00fcr jedes vor den Kneipen installierte Pubschild erfolgte damals die Bezahlung in Gold Sovereigns, also in reinen Goldm\u00fcnzen!<\/p>\n\n\n\n<p style=\"line-height:1.3\">1987\/88 nahm Rennert anl\u00e4sslich der Zweihundertjahrfeier der Gr\u00fcndung Australiens an einer Schiffspassage mit der originalgetreu nachgebauten Kohlenbark <em>HMAV Bounty<\/em> teil (bekannt aus der Verfilmung \u201eMeuterei auf der Bounty\u201c). Dieser viermonatige Segelt\u00f6rn von Kapstadt \u00fcber Mauritius nach Sydney, bei dem er nicht nur Segeln und Kochen lernte, sollte seinen weiteren Lebensweg bestimmen: Ein Arbeitsangebot als Illustrator beim <em>Australian Geographic Magazine<\/em> nahm er gerne an, packte seine Sachen und \u2013 diesmal flog er \u2013 \u00fcbersiedelte nach Australien, wo er die n\u00e4chsten 13 Jahre bleiben sollte.<\/p>\n\n\n\n<p style=\"line-height:1.3\"><br>In Australien arbeitete er auch als freischaffender Illustrator f\u00fcr weitere Kunden, u. a. <em>Weldon Owen Publishing<\/em>, <em>Reader&#8217;s Digest, The Sydney Morning Herald<\/em> und die Regierung von Queensland. Daneben begann er, sich zunehmend der Landschaftsmalerei zu widmen.<br><br>Ein schwerer Unfall, der tiefgreifende Lebensver\u00e4nderungen nach sich zog, brachte ihn 2003 wieder zur\u00fcck nach Deutschland, wo er seit 2007 als freischaffender Maler und Illustrator in K\u00f6ln arbeitet.<\/p>\n\n\n\n<p style=\"font-size:clamp(15.747px, 0.984rem + ((1vw - 3.2px) * 0.645), 24px);px;line-height:1.4\">Die Motivation zu seiner Arbeit fasst Rennert so zusammen:<br><br><strong><em>\u201dEs geht mir darum, das in seiner Sch\u00f6nheit Beeindruckende oder einfach tief Ber\u00fchrende eines Moments festzuhalten, und m\u00f6gen die Umst\u00e4nde auch noch so banal sein. Ich m\u00f6chte versuchen, dieses einzigartig Unwiederbringliche festzuhalten und durch meine Arbeit seine Verg\u00e4nglichkeit ein wenig hinauszuz\u00f6gern.\u201d<\/em>&nbsp;<\/strong><\/p>\n\n\n\n<h3 class=\"wp-block-heading has-cyan-bluish-gray-color has-text-color\"><strong>Teilnahme an Ausstellungen <\/strong><br><strong>und Projekten:<\/strong><\/h3>\n\n\n\n<p>2023&nbsp;&nbsp;&nbsp;&nbsp;<\/p>\n\n\n\n<ul class=\"has-medium-font-size wp-block-list\">\n<li>Sammelausstellung &#8222;Grenzg\u00e4nge&#8220;, Schloss K\u00f6nigshain, G\u00f6rlitz, 17. April &#8211; 7. Juli<\/li>\n<\/ul>\n\n\n\n<p class=\"has-small-font-size\">2022<\/p>\n\n\n\n<ul class=\"wp-block-list\">\n<li>Einzelausstellung \u201eStationen; der Weg bis hier\u201c, RealismusGalerie Berlin, 10. September \u2013 07. November<\/li>\n<\/ul>\n\n\n\n<p>2020&nbsp;&nbsp;&nbsp;&nbsp;&nbsp;&nbsp;&nbsp;&nbsp;&nbsp;&nbsp;&nbsp; <\/p>\n\n\n\n<ul class=\"wp-block-list\">\n<li>Ausstellung \u201e20&#215;20\u201c der RealismusGalerie Berlin 29. November 2020 \u2013 29. Januar 2021<\/li>\n<\/ul>\n\n\n\n<p>2019<\/p>\n\n\n\n<ul class=\"wp-block-list\">\n<li>Herbstausstellung \u201eIm Garten\u201c, K\u00f6ln, 14. \u2013 15. September<\/li>\n<\/ul>\n\n\n\n<p>2018<\/p>\n\n\n\n<ul class=\"wp-block-list\">\n<li>Childwickbury Arts Fair, UK, erstes Juliwochenende.<\/li>\n<\/ul>\n\n\n\n<p>2017&nbsp;&nbsp;&nbsp;&nbsp;&nbsp;&nbsp;&nbsp;&nbsp;&nbsp;&nbsp;&nbsp; <\/p>\n\n\n\n<ul class=\"wp-block-list\">\n<li>Woanders Art Gallery, K\u00f6ln, 10.- 12. M\u00e4rz<\/li>\n<\/ul>\n\n\n\n<p><strong>2016<\/strong><\/p>\n\n\n\n<ul class=\"wp-block-list\">\n<li>Berlin: K\u00f6nigl. Porzellan-Manufaktur: \u201eWasser\u201c, Ausstellung des<br>K\u00fcnstlersonderbundes<\/li>\n\n\n\n<li>Farindola, Italien: Farindola International Art Fair<\/li>\n\n\n\n<li>K\u00f6ln: ArtFair<\/li>\n<\/ul>\n\n\n\n<p><strong>2015<\/strong><\/p>\n\n\n\n<ul class=\"wp-block-list\">\n<li>K\u00f6ln: Kunstmeile Rodenkirchen<\/li>\n\n\n\n<li>Teilnahme an der Serie des Saarl\u00e4ndischen Rundfunks<br>\u201eMeine Traumreise als Binnenschiffer\u201c<\/li>\n<\/ul>\n\n\n\n<p><strong>2014<\/strong><\/p>\n\n\n\n<ul class=\"wp-block-list\">\n<li>K\u00f6ln: Street Gallery Lindenthal<\/li>\n\n\n\n<li>Langenfeld, Stadtmuseum: \u201eDas kleine Format\u201c<\/li>\n\n\n\n<li>Berlin-Wedding, Uferhallen: \u201eKrieg und Frieden\u201c, Ausstellung des K\u00fcnstlersonderbundes<\/li>\n\n\n\n<li>St. Albans, England: Childwickbury Arts Fair<\/li>\n<\/ul>\n\n\n\n<p><strong>2013<\/strong><\/p>\n\n\n\n<ul class=\"wp-block-list\">\n<li>Osnabr\u00fcck: Kunstmesse \u201cImpulse International\u201d<\/li>\n\n\n\n<li>Kloster Eberbach: Kunstmesse \u201cFineArts\u201d<\/li>\n<\/ul>\n\n\n\n<p><strong>2012<\/strong><\/p>\n\n\n\n<ul class=\"wp-block-list\">\n<li>Hilden: K\u00fcnstlermarkt<\/li>\n\n\n\n<li>Hamburg: Marziart Internationale Galerie, M\u00e4rz-Ausstellung<\/li>\n\n\n\n<li>Pulheim: Kunstmesse art\u2018pul<\/li>\n<\/ul>\n\n\n\n<p><strong>2011<\/strong><\/p>\n\n\n\n<ul class=\"wp-block-list\">\n<li>St. Albans, England: Childwickbury Arts Fair<\/li>\n\n\n\n<li>Bremen: Kunstmesse \u201cHanseArt\u201d<\/li>\n<\/ul>\n\n\n\n<p><strong>Gr\u00f6\u00dfere Auftr\u00e4ge\/Illustrationen in letzter Zeit:<\/strong><\/p>\n\n\n\n<p><strong>2012-2014<\/strong><\/p>\n\n\n\n<ul class=\"wp-block-list\">\n<li>Steuerkanzlei Kommessien: Vier gro\u00dfe abstrakte \u00d6lbilder nach Ma\u00dfgabe<\/li>\n<\/ul>\n\n\n\n<p><strong>2013<\/strong><\/p>\n\n\n\n<ul class=\"wp-block-list\">\n<li>TASCHEN Verlag:&nbsp; Drei gr\u00f6\u00dfere Schnittillustrationen zu dem Buch \u201eThe Making of Stanley Kubrick\u2019s 2001: A Space Odyssey\u201c&nbsp;<\/li>\n<\/ul>\n\n\n\n<p><\/p>\n","protected":false},"excerpt":{"rendered":"<p>Curriculum vitae Oliver Rennert wurde 1957 in Stuttgart geboren und wuchs in M\u00fcnchen auf. Recht fr\u00fch begann er, zun\u00e4chst zu zeichnen und sp\u00e4ter zu malen. Er liebte au\u00dferdem jegliche Art des Modellbaus, besonders wenn es um Flugzeuge und Raumfahrt ging. Mit 13 Jahren gewann er bei einem von der Raiffeisenbank ausgeschriebenen Wettbewerb mit seinem illustrierten [&hellip;]<\/p>\n","protected":false},"author":1,"featured_media":0,"parent":0,"menu_order":0,"comment_status":"closed","ping_status":"closed","template":"","meta":{"ngg_post_thumbnail":0,"footnotes":""},"class_list":["post-6","page","type-page","status-publish","hentry"],"_links":{"self":[{"href":"https:\/\/rennertart.de\/index.php\/wp-json\/wp\/v2\/pages\/6","targetHints":{"allow":["GET"]}}],"collection":[{"href":"https:\/\/rennertart.de\/index.php\/wp-json\/wp\/v2\/pages"}],"about":[{"href":"https:\/\/rennertart.de\/index.php\/wp-json\/wp\/v2\/types\/page"}],"author":[{"embeddable":true,"href":"https:\/\/rennertart.de\/index.php\/wp-json\/wp\/v2\/users\/1"}],"replies":[{"embeddable":true,"href":"https:\/\/rennertart.de\/index.php\/wp-json\/wp\/v2\/comments?post=6"}],"version-history":[{"count":27,"href":"https:\/\/rennertart.de\/index.php\/wp-json\/wp\/v2\/pages\/6\/revisions"}],"predecessor-version":[{"id":1080,"href":"https:\/\/rennertart.de\/index.php\/wp-json\/wp\/v2\/pages\/6\/revisions\/1080"}],"wp:attachment":[{"href":"https:\/\/rennertart.de\/index.php\/wp-json\/wp\/v2\/media?parent=6"}],"curies":[{"name":"wp","href":"https:\/\/api.w.org\/{rel}","templated":true}]}}